{"id":492,"date":"2024-05-21T14:10:37","date_gmt":"2024-05-21T14:10:37","guid":{"rendered":"https:\/\/prosportevent.be\/?page_id=492"},"modified":"2024-06-06T11:55:13","modified_gmt":"2024-06-06T11:55:13","slug":"subvention","status":"publish","type":"page","link":"https:\/\/prosportevent.be\/index.php\/subvention\/","title":{"rendered":"Subvention"},"content":{"rendered":"\t\t<div data-elementor-type=\"wp-page\" data-elementor-id=\"492\" class=\"elementor elementor-492\">\n\t\t\t\t<div class=\"elementor-element elementor-element-5fc0696 e-flex e-con-boxed e-con e-parent\" data-id=\"5fc0696\" data-element_type=\"container\">\r\n\t\t\t\t\t<div class=\"e-con-inner\">\r\n\t\t\t\t<div class=\"elementor-element elementor-element-49040be elementor-widget elementor-widget-spacer\" data-id=\"49040be\" data-element_type=\"widget\" data-widget_type=\"spacer.default\">\n\t\t\t\t<div class=\"elementor-widget-container\">\n\t\t\t\t\t\t\t<div class=\"elementor-spacer\">\n\t\t\t<div class=\"elementor-spacer-inner\"><\/div>\n\t\t<\/div>\n\t\t\t\t\t\t<\/div>\n\t\t\t\t<\/div>\n\t\t\t\t\t<\/div>\n\t\t\t\t<\/div>\n\t\t<div class=\"elementor-element elementor-element-7794504 e-con-full e-flex e-con e-parent\" data-id=\"7794504\" data-element_type=\"container\">\r\n\t\t\t\t<div class=\"elementor-element elementor-element-7013899 elementor-widget elementor-widget-porto_ultimate_heading\" data-id=\"7013899\" data-element_type=\"widget\" data-widget_type=\"porto_ultimate_heading.default\">\n\t\t\t\t<div class=\"elementor-widget-container\">\n\t\t\t\t\t<div class=\"porto-u-heading  porto-u-55ca8359258f9a412be7e73af65d2aac\"><div class=\"porto-u-main-heading\"><h2   >Une subvention?<\/h2><\/div><style>.porto-u-55ca8359258f9a412be7e73af65d2aac.porto-u-heading{text-align:center}<\/style><\/div>\t\t\t\t<\/div>\n\t\t\t\t<\/div>\n\t\t\t\t<\/div>\n\t\t<div class=\"elementor-element elementor-element-f3d7976 e-flex e-con-boxed e-con e-parent\" data-id=\"f3d7976\" data-element_type=\"container\">\r\n\t\t\t\t\t<div class=\"e-con-inner\">\r\n\t\t\t\t<div class=\"elementor-element elementor-element-4b0b384 elementor-widget elementor-widget-text-editor\" data-id=\"4b0b384\" data-element_type=\"widget\" data-widget_type=\"text-editor.default\">\n\t\t\t\t<div class=\"elementor-widget-container\">\n\t\t\t\t\t\t\t\t\t<p>Les valeurs de diversit\u00e9 sportive, soutien des jeunes talents, sport pour tous (jeunes, personnes \u00e2g\u00e9es, mixit\u00e9 femme\/homme, mixit\u00e9 culturelle, personnes handicap\u00e9es\u2026) sont au c\u0153ur des pr\u00e9occupations de votre club\u00a0?<\/p><p>Vos activit\u00e9s sportives se d\u00e9roulent sur le territoire de la Ville de Bruxelles\u00a0(codes postaux 1000, 1020, 1120 et 1130) ?<\/p><p>Alors l\u2019Asbl Prosport peut vous aider en vous accordant des moyens financiers et\/ou logistiques dans le cadre d\u2019un projet sportif qui remplit ces objectifs de mixit\u00e9.<\/p>\t\t\t\t\t\t\t\t<\/div>\n\t\t\t\t<\/div>\n\t\t\t\t\t<\/div>\n\t\t\t\t<\/div>\n\t\t<div class=\"elementor-element elementor-element-b725f6c e-flex e-con-boxed e-con e-parent\" data-id=\"b725f6c\" data-element_type=\"container\">\r\n\t\t\t\t\t<div class=\"e-con-inner\">\r\n\t\t\t\t<div class=\"elementor-element elementor-element-871d8f5 elementor-widget elementor-widget-toggle\" data-id=\"871d8f5\" data-element_type=\"widget\" data-widget_type=\"toggle.default\">\n\t\t\t\t<div class=\"elementor-widget-container\">\n\t\t\t\t\t\t\t<div class=\"elementor-toggle\">\n\t\t\t\t\t\t\t<div class=\"elementor-toggle-item\">\n\t\t\t\t\t<div id=\"elementor-tab-title-1411\" class=\"elementor-tab-title\" data-tab=\"1\" role=\"button\" aria-controls=\"elementor-tab-content-1411\" aria-expanded=\"false\">\n\t\t\t\t\t\t\t\t\t\t\t\t<span class=\"elementor-toggle-icon elementor-toggle-icon-left\" aria-hidden=\"true\">\n\t\t\t\t\t\t\t\t\t\t\t\t\t\t\t<span class=\"elementor-toggle-icon-closed\"><svg class=\"e-font-icon-svg e-fas-caret-right\" viewBox=\"0 0 192 512\" xmlns=\"http:\/\/www.w3.org\/2000\/svg\"><path d=\"M0 384.662V127.338c0-17.818 21.543-26.741 34.142-14.142l128.662 128.662c7.81 7.81 7.81 20.474 0 28.284L34.142 398.804C21.543 411.404 0 402.48 0 384.662z\"><\/path><\/svg><\/span>\n\t\t\t\t\t\t\t\t<span class=\"elementor-toggle-icon-opened\"><svg class=\"elementor-toggle-icon-opened e-font-icon-svg e-fas-caret-up\" viewBox=\"0 0 320 512\" xmlns=\"http:\/\/www.w3.org\/2000\/svg\"><path d=\"M288.662 352H31.338c-17.818 0-26.741-21.543-14.142-34.142l128.662-128.662c7.81-7.81 20.474-7.81 28.284 0l128.662 128.662c12.6 12.599 3.676 34.142-14.142 34.142z\"><\/path><\/svg><\/span>\n\t\t\t\t\t\t\t\t\t\t\t\t\t<\/span>\n\t\t\t\t\t\t\t\t\t\t\t\t<a class=\"elementor-toggle-title\" tabindex=\"0\">Pour qui?<\/a>\n\t\t\t\t\t<\/div>\n\n\t\t\t\t\t<div id=\"elementor-tab-content-1411\" class=\"elementor-tab-content elementor-clearfix\" data-tab=\"1\" role=\"region\" aria-labelledby=\"elementor-tab-title-1411\"><p>Peuvent pr\u00e9tendre \u00e0 l\u2019obtention d\u2019une subvention et\/ou d\u2019une aide logistique\u00a0:<\/p><p><strong>\u00a0<\/strong>Les associations ou les clubs qui promeuvent et encouragent l\u2019acc\u00e8s au sport pour tous.<\/p><ul><li><em>Le club qui poss\u00e8de en son sein un ou des \u00ab espoirs \u00bb r\u00e9pertori\u00e9s comme tels par sa propre f\u00e9d\u00e9ration nationale (ou aile linguistique).<\/em><\/li><li><em>Les demandeurs doivent \u00eatre des personnes morales (\u00e0 l\u2019exception des soci\u00e9t\u00e9s commerciales) ne poursuivant pas un but lucratif et ayant leurs activit\u00e9s principales ou leur si\u00e8ge social situ\u00e9s sur le territoire de la Ville de Bruxelles. Exceptionnellement, le Conseil d\u2019Administration peut admettre des demandes provenant des personnes physiques dont le domicile ou le lieu principal d\u2019activit\u00e9 est \u00e9galement situ\u00e9 sur le territoire de la Ville de Bruxelles.<\/em><\/li><\/ul><p>Les subventions et\/ou aide logistique sont attribu\u00e9es pour\u00a0:<\/p><ul><li><em>Un \u00e9v\u00e9nement sportif exceptionnel qui contribue \u00e0 diffuser l\u2019image et le caract\u00e8re sportif de la Ville de Bruxelles.<\/em><\/li><li><em>L\u2019achat de mat\u00e9riel sportif, de mat\u00e9riel m\u00e9dical non consommable ou d\u2019\u00e9quipements sportifs destin\u00e9s \u00e0 la r\u00e9alisation ou au contr\u00f4le m\u00e9dical des activit\u00e9s du club qui introduit la demande.<\/em><\/li><li><em>La formation continu\u00e9e de cadres, d\u2019entra\u00eeneurs ou de moniteurs sportifs bruxellois.<\/em><\/li><li><em>Une aide ou une assistance \u00e0 la formation d\u2019utilisation de mat\u00e9riel m\u00e9dical.<\/em><\/li><\/ul><\/div>\n\t\t\t\t<\/div>\n\t\t\t\t\t\t\t<div class=\"elementor-toggle-item\">\n\t\t\t\t\t<div id=\"elementor-tab-title-1412\" class=\"elementor-tab-title\" data-tab=\"2\" role=\"button\" aria-controls=\"elementor-tab-content-1412\" aria-expanded=\"false\">\n\t\t\t\t\t\t\t\t\t\t\t\t<span class=\"elementor-toggle-icon elementor-toggle-icon-left\" aria-hidden=\"true\">\n\t\t\t\t\t\t\t\t\t\t\t\t\t\t\t<span class=\"elementor-toggle-icon-closed\"><svg class=\"e-font-icon-svg e-fas-caret-right\" viewBox=\"0 0 192 512\" xmlns=\"http:\/\/www.w3.org\/2000\/svg\"><path d=\"M0 384.662V127.338c0-17.818 21.543-26.741 34.142-14.142l128.662 128.662c7.81 7.81 7.81 20.474 0 28.284L34.142 398.804C21.543 411.404 0 402.48 0 384.662z\"><\/path><\/svg><\/span>\n\t\t\t\t\t\t\t\t<span class=\"elementor-toggle-icon-opened\"><svg class=\"elementor-toggle-icon-opened e-font-icon-svg e-fas-caret-up\" viewBox=\"0 0 320 512\" xmlns=\"http:\/\/www.w3.org\/2000\/svg\"><path d=\"M288.662 352H31.338c-17.818 0-26.741-21.543-14.142-34.142l128.662-128.662c7.81-7.81 20.474-7.81 28.284 0l128.662 128.662c12.6 12.599 3.676 34.142-14.142 34.142z\"><\/path><\/svg><\/span>\n\t\t\t\t\t\t\t\t\t\t\t\t\t<\/span>\n\t\t\t\t\t\t\t\t\t\t\t\t<a class=\"elementor-toggle-title\" tabindex=\"0\">Comment?<\/a>\n\t\t\t\t\t<\/div>\n\n\t\t\t\t\t<div id=\"elementor-tab-content-1412\" class=\"elementor-tab-content elementor-clearfix\" data-tab=\"2\" role=\"region\" aria-labelledby=\"elementor-tab-title-1412\"><p>La demande doit comprendre :<\/p><ul><li><em>Une lettre sign\u00e9e par une personne habilit\u00e9e \u00e0 engager le club ou l\u2019association en question (Pr\u00e9sident ou le Secr\u00e9taire).<\/em><\/li><li><em>La fiche administrative d\u00fbment compl\u00e9t\u00e9e<\/em><\/li><li><em>Une liste des membres du club ou de l\u2019association<\/em><\/li><li><em>La liste des entra\u00eeneurs, des moniteurs sportifs et du personnel p\u00e9dagogique<\/em><\/li><li><em>La liste du staff m\u00e9dical encadrant les activit\u00e9s du club ou de l\u2019association<\/em><\/li><li><em>Une pr\u00e9sentation d\u00e9taill\u00e9e de l\u2019activit\u00e9 \u00e0 subventionner<\/em><\/li><li><em>Les dates de d\u00e9but et de fin de l\u2019activit\u00e9 \u00e0 subventionner s\u2019il s\u2019agit d\u2019un \u00e9v\u00e9nement<\/em><\/li><li><em>Le budget de l\u2019\u00e9v\u00e9nement et le montant d\u2019intervention souhait\u00e9<\/em><\/li><li><em>Le montant des subsides sollicit\u00e9s et\/ou accord\u00e9s par le Service des Sports de la Ville de Bruxelles<\/em><\/li><li><em>Les montants sollicit\u00e9s et\/ou octroy\u00e9s par les autres pouvoirs publics<\/em><\/li><li><em>S\u2019il s\u2019agit d\u2019espoirs, joindre un CV, les perspectives ainsi qu\u2019une attestation de la f\u00e9d\u00e9ration ou tout document attestant de la qualification \u00ab d\u2019espoir \u00bb<\/em><\/li><li><em>Une copie des statuts de l\u2019association<\/em><\/li><\/ul><p><a href=\"https:\/\/prosportevent.be\/wp-content\/uploads\/2024\/06\/Prosport_Criteres-Subventions.pdf\" target=\"_blank\" rel=\"noopener\">Formulaire de demande<\/a>\u00a0<\/p><p>Toute demande introduite sera examin\u00e9e en s\u00e9ance du Conseil d\u2019Administration de l\u2019ASBL Prosport Bruxelles.<\/p><\/div>\n\t\t\t\t<\/div>\n\t\t\t\t\t\t\t\t<\/div>\n\t\t\t\t\t\t<\/div>\n\t\t\t\t<\/div>\n\t\t\t\t\t<\/div>\n\t\t\t\t<\/div>\n\t\t<div class=\"elementor-element elementor-element-9f74226 e-flex e-con-boxed e-con e-parent\" data-id=\"9f74226\" data-element_type=\"container\">\r\n\t\t\t\t\t<div class=\"e-con-inner\">\r\n\t\t<div class=\"elementor-element elementor-element-e9252f3 e-con-full e-flex e-con e-child\" data-id=\"e9252f3\" data-element_type=\"container\">\r\n\t\t\t\t<\/div>\n\t\t<div class=\"elementor-element elementor-element-2b1680b e-con-full e-flex e-con e-child\" data-id=\"2b1680b\" data-element_type=\"container\">\r\n\t\t\t\t<div class=\"elementor-element elementor-element-5a64d47 elementor-widget elementor-widget-wpforms\" data-id=\"5a64d47\" data-element_type=\"widget\" data-widget_type=\"wpforms.default\">\n\t\t\t\t<div class=\"elementor-widget-container\">\n\t\t\t\t\t<style id=\"wpforms-css-vars-elementor-widget-5a64d47\">\n\t\t\t\t.elementor-widget-wpforms.elementor-element-5a64d47 {\n\t\t\t\t--wpforms-label-color: #A7A7A7D9;\n\t\t\t}\n\t\t\t<\/style><div class=\"wpforms-container wpforms-container-full wpforms-render-modern\" id=\"wpforms-559\"><form id=\"wpforms-form-559\" class=\"wpforms-validate wpforms-form wpforms-ajax-form\" data-formid=\"559\" method=\"post\" enctype=\"multipart\/form-data\" action=\"\/index.php\/wp-json\/wp\/v2\/pages\/492\" data-token=\"e47be886c0e55878033fc71b3c564c8a\" data-token-time=\"1775236554\"><noscript class=\"wpforms-error-noscript\">Veuillez activer JavaScript dans votre navigateur pour remplir ce formulaire.<\/noscript><div id=\"wpforms-error-noscript\" style=\"display: none;\">Veuillez activer JavaScript dans votre navigateur pour remplir ce formulaire.<\/div><div class=\"wpforms-field-container\"><div id=\"wpforms-559-field_0-container\" class=\"wpforms-field wpforms-field-name\" data-field-id=\"0\"><fieldset><legend class=\"wpforms-field-label\">Pr\u00e9nom &amp; Nom <span class=\"wpforms-required-label\" aria-hidden=\"true\">*<\/span><\/legend><div class=\"wpforms-field-row wpforms-field-medium\"><div class=\"wpforms-field-row-block wpforms-first wpforms-one-half\"><input type=\"text\" id=\"wpforms-559-field_0\" class=\"wpforms-field-name-first wpforms-field-required\" name=\"wpforms[fields][0][first]\" aria-errormessage=\"wpforms-559-field_0-error\" required><label for=\"wpforms-559-field_0\" class=\"wpforms-field-sublabel after wpforms-sublabel-hide\">Pr\u00e9nom<\/label><\/div><div class=\"wpforms-field-row-block wpforms-one-half\"><input type=\"text\" id=\"wpforms-559-field_0-last\" class=\"wpforms-field-name-last wpforms-field-required\" name=\"wpforms[fields][0][last]\" aria-errormessage=\"wpforms-559-field_0-last-error\" required><label for=\"wpforms-559-field_0-last\" class=\"wpforms-field-sublabel after wpforms-sublabel-hide\">Nom<\/label><\/div><\/div><\/fieldset><\/div><div id=\"wpforms-559-field_1-container\" class=\"wpforms-field wpforms-field-email\" data-field-id=\"1\"><label class=\"wpforms-field-label\" for=\"wpforms-559-field_1\">Email <span class=\"wpforms-required-label\" aria-hidden=\"true\">*<\/span><\/label><input type=\"email\" id=\"wpforms-559-field_1\" class=\"wpforms-field-medium wpforms-field-required\" name=\"wpforms[fields][1]\" spellcheck=\"false\" aria-errormessage=\"wpforms-559-field_1-error\" required><\/div><div id=\"wpforms-559-field_2-container\" class=\"wpforms-field wpforms-field-textarea\" data-field-id=\"2\"><label class=\"wpforms-field-label\" for=\"wpforms-559-field_2\">Message<\/label><textarea id=\"wpforms-559-field_2\" class=\"wpforms-field-medium\" name=\"wpforms[fields][2]\" aria-errormessage=\"wpforms-559-field_2-error\" ><\/textarea><\/div><\/div><!-- .wpforms-field-container --><div class=\"wpforms-submit-container\" ><input type=\"hidden\" name=\"wpforms[id]\" value=\"559\"><input type=\"hidden\" name=\"page_title\" value=\"\"><input type=\"hidden\" name=\"page_url\" value=\"https:\/\/prosportevent.be\/index.php\/wp-json\/wp\/v2\/pages\/492\"><input type=\"hidden\" name=\"url_referer\" value=\"\"><button type=\"submit\" name=\"wpforms[submit]\" id=\"wpforms-submit-559\" class=\"wpforms-submit\" data-alt-text=\"Sending...\" data-submit-text=\"Envoyer\" aria-live=\"assertive\" value=\"wpforms-submit\">Envoyer<\/button><img decoding=\"async\" src=\"https:\/\/prosportevent.be\/wp-content\/plugins\/wpforms-lite\/assets\/images\/submit-spin.svg\" class=\"wpforms-submit-spinner\" style=\"display: none;\" width=\"26\" height=\"26\" alt=\"Chargement en cours\"><\/div><\/form><\/div>  <!-- .wpforms-container -->\t\t\t\t<\/div>\n\t\t\t\t<\/div>\n\t\t\t\t<\/div>\n\t\t<div class=\"elementor-element elementor-element-1fcb9db e-con-full e-flex e-con e-child\" data-id=\"1fcb9db\" data-element_type=\"container\">\r\n\t\t\t\t<\/div>\n\t\t\t\t\t<\/div>\n\t\t\t\t<\/div>\n\t\t\t\t<\/div>\n\t\t","protected":false},"excerpt":{"rendered":"<p>Une subvention? Les valeurs de diversit\u00e9 sportive, soutien des jeunes talents, sport pour tous (jeunes, personnes \u00e2g\u00e9es, mixit\u00e9 femme\/homme, mixit\u00e9 culturelle, personnes handicap\u00e9es\u2026) sont au c\u0153ur des pr\u00e9occupations de votre club\u00a0? Vos activit\u00e9s sportives se d\u00e9roulent sur le territoire de la Ville de Bruxelles\u00a0(codes postaux 1000, 1020, 1120 et 1130) ? Alors l\u2019Asbl Prosport peut [&hellip;]<\/p>\n","protected":false},"author":1,"featured_media":0,"parent":0,"menu_order":0,"comment_status":"closed","ping_status":"closed","template":"","meta":{"_monsterinsights_skip_tracking":false,"_monsterinsights_sitenote_active":false,"_monsterinsights_sitenote_note":"","_monsterinsights_sitenote_category":0,"footnotes":""},"class_list":["post-492","page","type-page","status-publish","hentry"],"_links":{"self":[{"href":"https:\/\/prosportevent.be\/index.php\/wp-json\/wp\/v2\/pages\/492","targetHints":{"allow":["GET"]}}],"collection":[{"href":"https:\/\/prosportevent.be\/index.php\/wp-json\/wp\/v2\/pages"}],"about":[{"href":"https:\/\/prosportevent.be\/index.php\/wp-json\/wp\/v2\/types\/page"}],"author":[{"embeddable":true,"href":"https:\/\/prosportevent.be\/index.php\/wp-json\/wp\/v2\/users\/1"}],"replies":[{"embeddable":true,"href":"https:\/\/prosportevent.be\/index.php\/wp-json\/wp\/v2\/comments?post=492"}],"version-history":[{"count":37,"href":"https:\/\/prosportevent.be\/index.php\/wp-json\/wp\/v2\/pages\/492\/revisions"}],"predecessor-version":[{"id":998,"href":"https:\/\/prosportevent.be\/index.php\/wp-json\/wp\/v2\/pages\/492\/revisions\/998"}],"wp:attachment":[{"href":"https:\/\/prosportevent.be\/index.php\/wp-json\/wp\/v2\/media?parent=492"}],"curies":[{"name":"wp","href":"https:\/\/api.w.org\/{rel}","templated":true}]}}