{"id":548,"date":"2024-05-29T10:52:20","date_gmt":"2024-05-29T10:52:20","guid":{"rendered":"https:\/\/prosportevent.be\/?page_id=548"},"modified":"2025-02-17T12:24:20","modified_gmt":"2025-02-17T12:24:20","slug":"partenaire","status":"publish","type":"page","link":"https:\/\/prosportevent.be\/index.php\/partenaire\/","title":{"rendered":"Partenaire"},"content":{"rendered":"\t\t<div data-elementor-type=\"wp-page\" data-elementor-id=\"548\" class=\"elementor elementor-548\">\n\t\t\t\t<div class=\"elementor-element elementor-element-5fc0696 e-flex e-con-boxed e-con e-parent\" data-id=\"5fc0696\" data-element_type=\"container\">\r\n\t\t\t\t\t<div class=\"e-con-inner\">\r\n\t\t\t\t<div class=\"elementor-element elementor-element-49040be elementor-widget elementor-widget-spacer\" data-id=\"49040be\" data-element_type=\"widget\" data-widget_type=\"spacer.default\">\n\t\t\t\t<div class=\"elementor-widget-container\">\n\t\t\t\t\t\t\t<div class=\"elementor-spacer\">\n\t\t\t<div class=\"elementor-spacer-inner\"><\/div>\n\t\t<\/div>\n\t\t\t\t\t\t<\/div>\n\t\t\t\t<\/div>\n\t\t\t\t\t<\/div>\n\t\t\t\t<\/div>\n\t\t<div class=\"elementor-element elementor-element-7794504 e-con-full e-flex e-con e-parent\" data-id=\"7794504\" data-element_type=\"container\">\r\n\t\t\t\t<div class=\"elementor-element elementor-element-7013899 elementor-widget elementor-widget-porto_ultimate_heading\" data-id=\"7013899\" data-element_type=\"widget\" data-widget_type=\"porto_ultimate_heading.default\">\n\t\t\t\t<div class=\"elementor-widget-container\">\n\t\t\t\t\t<div class=\"porto-u-heading  porto-u-55ca8359258f9a412be7e73af65d2aac\"><div class=\"porto-u-main-heading\"><h2   >Devenir partenaire<\/h2><\/div><style>.porto-u-55ca8359258f9a412be7e73af65d2aac.porto-u-heading{text-align:center}<\/style><\/div>\t\t\t\t<\/div>\n\t\t\t\t<\/div>\n\t\t\t\t<\/div>\n\t\t<div class=\"elementor-element elementor-element-f3d7976 e-flex e-con-boxed e-con e-parent\" data-id=\"f3d7976\" data-element_type=\"container\">\r\n\t\t\t\t\t<div class=\"e-con-inner\">\r\n\t\t\t\t<div class=\"elementor-element elementor-element-4b0b384 elementor-widget elementor-widget-text-editor\" data-id=\"4b0b384\" data-element_type=\"widget\" data-widget_type=\"text-editor.default\">\n\t\t\t\t<div class=\"elementor-widget-container\">\n\t\t\t\t\t\t\t\t\t<p>Une exp\u00e9rience unique au c\u0153ur du Stade Roi Baudouin<\/p><p>Le partenariat Prosport c\u2019est la possibilit\u00e9 pour votre entreprise de renforcer vos relations avec vos meilleurs clients ou collaborateurs, d\u2019associer votre marque \u00e0 la promotion du sport et d\u2019accroitre votre visibilit\u00e9 au sein du monde sportif bruxellois.<\/p><p>Les avantages du partenariat sont multiples :<\/p><ul><li>Des formules VIP de haut standing lors de concerts inoubliables ou d\u2019\u00e9v\u00e9nements sportifs de renomm\u00e9e internationale (concerts, matchs des Diables rouges, grands \u00e9v\u00e9nements sportifs, etc.) ;<\/li><\/ul><ul><li>Des conditions privil\u00e9gi\u00e9es pour la location des diff\u00e9rents espaces du Stade Roi Baudouin pour y organiser vos propres \u00e9v\u00e9nements ;<\/li><li>Du networking avec d\u2019autres soci\u00e9t\u00e9s partenaires ayant pour objectif de cr\u00e9er des synergies par le biais notamment de deux journ\u00e9es inter-partenaires par an\u00a0;<\/li><li>De la visibilit\u00e9 au sein du monde sportif bruxellois et une image de marque r\u00e9affirm\u00e9e par les valeurs positives v\u00e9hicul\u00e9es par le sport.<\/li><\/ul>\t\t\t\t\t\t\t\t<\/div>\n\t\t\t\t<\/div>\n\t\t\t\t\t<\/div>\n\t\t\t\t<\/div>\n\t\t<div class=\"elementor-element elementor-element-acbe18f e-flex e-con-boxed e-con e-parent\" data-id=\"acbe18f\" data-element_type=\"container\">\r\n\t\t\t\t\t<div class=\"e-con-inner\">\r\n\t\t\t\t<div class=\"elementor-element elementor-element-8fb36b5 elementor-widget elementor-widget-shortcode\" data-id=\"8fb36b5\" data-element_type=\"widget\" data-widget_type=\"shortcode.default\">\n\t\t\t\t<div class=\"elementor-widget-container\">\n\t\t\t\t\t\t\t<div class=\"elementor-shortcode\"><div class=\"_df_book df-lite\" id=\"df_803\"  _slug=\"partenaire-fr\" data-title=\"partenaire-fr\" wpoptions=\"true\" thumbtype=\"\" ><\/div><script class=\"df-shortcode-script\" nowprocket type=\"application\/javascript\">window.option_df_803 = {\"outline\":[],\"autoEnableOutline\":\"false\",\"autoEnableThumbnail\":\"false\",\"overwritePDFOutline\":\"false\",\"direction\":\"1\",\"pageSize\":\"0\",\"source\":\"https:\\\/\\\/prosportevent.be\\\/wp-content\\\/uploads\\\/2024\\\/06\\\/Plaquette-partenariat-Prosport-1.pdf\",\"wpOptions\":\"true\"}; if(window.DFLIP && window.DFLIP.parseBooks){window.DFLIP.parseBooks();}<\/script><\/div>\n\t\t\t\t\t\t<\/div>\n\t\t\t\t<\/div>\n\t\t\t\t\t<\/div>\n\t\t\t\t<\/div>\n\t\t<div class=\"elementor-element elementor-element-7f0bcd8 e-flex e-con-boxed e-con e-parent\" data-id=\"7f0bcd8\" data-element_type=\"container\">\r\n\t\t\t\t\t<div class=\"e-con-inner\">\r\n\t\t\t\t<div class=\"elementor-element elementor-element-a2bfc08 elementor-widget elementor-widget-heading\" data-id=\"a2bfc08\" data-element_type=\"widget\" data-widget_type=\"heading.default\">\n\t\t\t\t<div class=\"elementor-widget-container\">\n\t\t\t\t\t<h2 class=\"elementor-heading-title elementor-size-default\">Nos partenaires<\/h2>\t\t\t\t<\/div>\n\t\t\t\t<\/div>\n\t\t\t\t\t<\/div>\n\t\t\t\t<\/div>\n\t\t<div class=\"elementor-element elementor-element-db9bb65 e-flex e-con-boxed e-con e-parent\" data-id=\"db9bb65\" data-element_type=\"container\">\r\n\t\t\t\t\t<div class=\"e-con-inner\">\r\n\t\t\t\t<div class=\"elementor-element elementor-element-bc470ff elementor-arrows-position-inside elementor-pagination-position-outside elementor-widget elementor-widget-image-carousel\" data-id=\"bc470ff\" data-element_type=\"widget\" data-settings=\"{&quot;slides_to_show&quot;:&quot;7&quot;,&quot;autoplay_speed&quot;:500,&quot;navigation&quot;:&quot;both&quot;,&quot;autoplay&quot;:&quot;yes&quot;,&quot;pause_on_hover&quot;:&quot;yes&quot;,&quot;pause_on_interaction&quot;:&quot;yes&quot;,&quot;infinite&quot;:&quot;yes&quot;,&quot;speed&quot;:500}\" data-widget_type=\"image-carousel.default\">\n\t\t\t\t<div class=\"elementor-widget-container\">\n\t\t\t\t\t\t\t<div class=\"elementor-image-carousel-wrapper swiper\" role=\"region\" aria-roledescription=\"carousel\" aria-label=\"Carrousel d\u2019images\" dir=\"ltr\">\n\t\t\t<div class=\"elementor-image-carousel swiper-wrapper\" aria-live=\"off\">\n\t\t\t\t\t\t\t\t<div class=\"swiper-slide\" role=\"group\" aria-roledescription=\"slide\" aria-label=\"1 sur 16\"><figure class=\"swiper-slide-inner\"><img decoding=\"async\" class=\"swiper-slide-image\" src=\"https:\/\/prosportevent.be\/wp-content\/uploads\/2024\/06\/LOGO-POMMERY-300x300-1-1-150x150.png\" alt=\"LOGO-POMMERY-300x300-1 (1)\" \/><\/figure><\/div><div class=\"swiper-slide\" role=\"group\" aria-roledescription=\"slide\" aria-label=\"2 sur 16\"><figure class=\"swiper-slide-inner\"><img decoding=\"async\" class=\"swiper-slide-image\" src=\"https:\/\/prosportevent.be\/wp-content\/uploads\/2024\/06\/Logo-Roelandt-300x300-1-1-150x150.png\" alt=\"Logo-Roelandt-300x300-1 (1)\" \/><\/figure><\/div><div class=\"swiper-slide\" role=\"group\" aria-roledescription=\"slide\" aria-label=\"3 sur 16\"><figure class=\"swiper-slide-inner\"><img decoding=\"async\" class=\"swiper-slide-image\" src=\"https:\/\/prosportevent.be\/wp-content\/uploads\/2024\/06\/Logo-Ethias-2024-300x300-1-1-150x150.png\" alt=\"Logo-Ethias-2024-300x300-1 (1)\" \/><\/figure><\/div><div class=\"swiper-slide\" role=\"group\" aria-roledescription=\"slide\" aria-label=\"4 sur 16\"><figure class=\"swiper-slide-inner\"><img decoding=\"async\" class=\"swiper-slide-image\" src=\"https:\/\/prosportevent.be\/wp-content\/uploads\/2024\/06\/Mabru-300x300-1-1-150x150.png\" alt=\"Mabru-300x300-1 (1)\" \/><\/figure><\/div><div class=\"swiper-slide\" role=\"group\" aria-roledescription=\"slide\" aria-label=\"5 sur 16\"><figure class=\"swiper-slide-inner\"><img decoding=\"async\" class=\"swiper-slide-image\" src=\"https:\/\/prosportevent.be\/wp-content\/uploads\/2024\/06\/Offimex-300x300-1-1-150x150.png\" alt=\"Offimex-300x300-1 (1)\" \/><\/figure><\/div><div class=\"swiper-slide\" role=\"group\" aria-roledescription=\"slide\" aria-label=\"6 sur 16\"><figure class=\"swiper-slide-inner\"><img decoding=\"async\" class=\"swiper-slide-image\" src=\"https:\/\/prosportevent.be\/wp-content\/uploads\/2024\/06\/Philips-300x300-1-1-150x150.png\" alt=\"Philips-300x300-1 (1)\" \/><\/figure><\/div><div class=\"swiper-slide\" role=\"group\" aria-roledescription=\"slide\" aria-label=\"7 sur 16\"><figure class=\"swiper-slide-inner\"><img decoding=\"async\" class=\"swiper-slide-image\" src=\"https:\/\/prosportevent.be\/wp-content\/uploads\/2024\/06\/Thomas-300x300-1-1-150x150.png\" alt=\"Thomas-300x300-1 (1)\" \/><\/figure><\/div><div class=\"swiper-slide\" role=\"group\" aria-roledescription=\"slide\" aria-label=\"8 sur 16\"><figure class=\"swiper-slide-inner\"><img decoding=\"async\" class=\"swiper-slide-image\" src=\"https:\/\/prosportevent.be\/wp-content\/uploads\/2024\/06\/Veolia-300x300-1-1-150x150.png\" alt=\"Veolia-300x300-1 (1)\" \/><\/figure><\/div><div class=\"swiper-slide\" role=\"group\" aria-roledescription=\"slide\" aria-label=\"9 sur 16\"><figure class=\"swiper-slide-inner\"><img decoding=\"async\" class=\"swiper-slide-image\" src=\"https:\/\/prosportevent.be\/wp-content\/uploads\/2024\/06\/Viage-300x300-1-1-150x150.png\" alt=\"Viage-300x300-1 (1)\" \/><\/figure><\/div><div class=\"swiper-slide\" role=\"group\" aria-roledescription=\"slide\" aria-label=\"10 sur 16\"><figure class=\"swiper-slide-inner\"><img decoding=\"async\" class=\"swiper-slide-image\" src=\"https:\/\/prosportevent.be\/wp-content\/uploads\/2024\/06\/BeoBank-300x300-1-1-150x150.png\" alt=\"BeoBank-300x300-1 (1)\" \/><\/figure><\/div><div class=\"swiper-slide\" role=\"group\" aria-roledescription=\"slide\" aria-label=\"11 sur 16\"><figure class=\"swiper-slide-inner\"><img decoding=\"async\" class=\"swiper-slide-image\" src=\"https:\/\/prosportevent.be\/wp-content\/uploads\/2024\/06\/DB-Group-300x300-1-1-150x150.png\" alt=\"DB-Group-300x300-1 (1)\" \/><\/figure><\/div><div class=\"swiper-slide\" role=\"group\" aria-roledescription=\"slide\" aria-label=\"12 sur 16\"><figure class=\"swiper-slide-inner\"><img decoding=\"async\" class=\"swiper-slide-image\" src=\"https:\/\/prosportevent.be\/wp-content\/uploads\/2024\/06\/Logo-Ledblox-300x300-1-150x150.png\" alt=\"Logo Ledblox 300x300\" \/><\/figure><\/div><div class=\"swiper-slide\" role=\"group\" aria-roledescription=\"slide\" aria-label=\"13 sur 16\"><figure class=\"swiper-slide-inner\"><img decoding=\"async\" class=\"swiper-slide-image\" src=\"https:\/\/prosportevent.be\/wp-content\/uploads\/2024\/06\/Loterie-nationale-300x300-1-150x150.png\" alt=\"Loterie-nationale-300x300-1\" \/><\/figure><\/div><div class=\"swiper-slide\" role=\"group\" aria-roledescription=\"slide\" aria-label=\"14 sur 16\"><figure class=\"swiper-slide-inner\"><img decoding=\"async\" class=\"swiper-slide-image\" src=\"https:\/\/prosportevent.be\/wp-content\/uploads\/2024\/06\/Euro-Tap-Rent-300x300-1-150x150.png\" alt=\"Euro-Tap-Rent-300x300-1\" \/><\/figure><\/div><div class=\"swiper-slide\" role=\"group\" aria-roledescription=\"slide\" aria-label=\"15 sur 16\"><figure class=\"swiper-slide-inner\"><img decoding=\"async\" class=\"swiper-slide-image\" src=\"https:\/\/prosportevent.be\/wp-content\/uploads\/2024\/06\/Europcar-300x300-1-150x150.png\" alt=\"Europcar-300x300-1\" \/><\/figure><\/div><div class=\"swiper-slide\" role=\"group\" aria-roledescription=\"slide\" aria-label=\"16 sur 16\"><figure class=\"swiper-slide-inner\"><img decoding=\"async\" class=\"swiper-slide-image\" src=\"https:\/\/prosportevent.be\/wp-content\/uploads\/2024\/06\/Logo-Clear-Channel-300x300-1-150x150.png\" alt=\"Logo Clear Channel 300x300\" \/><\/figure><\/div>\t\t\t<\/div>\n\t\t\t\t\t\t\t\t\t\t\t\t<div class=\"elementor-swiper-button elementor-swiper-button-prev\" role=\"button\" tabindex=\"0\">\n\t\t\t\t\t\t<svg aria-hidden=\"true\" class=\"e-font-icon-svg e-eicon-chevron-left\" viewBox=\"0 0 1000 1000\" xmlns=\"http:\/\/www.w3.org\/2000\/svg\"><path d=\"M646 125C629 125 613 133 604 142L308 442C296 454 292 471 292 487 292 504 296 521 308 533L604 854C617 867 629 875 646 875 663 875 679 871 692 858 704 846 713 829 713 812 713 796 708 779 692 767L438 487 692 225C700 217 708 204 708 187 708 171 704 154 692 142 675 129 663 125 646 125Z\"><\/path><\/svg>\t\t\t\t\t<\/div>\n\t\t\t\t\t<div class=\"elementor-swiper-button elementor-swiper-button-next\" role=\"button\" tabindex=\"0\">\n\t\t\t\t\t\t<svg aria-hidden=\"true\" class=\"e-font-icon-svg e-eicon-chevron-right\" viewBox=\"0 0 1000 1000\" xmlns=\"http:\/\/www.w3.org\/2000\/svg\"><path d=\"M696 533C708 521 713 504 713 487 713 471 708 454 696 446L400 146C388 133 375 125 354 125 338 125 325 129 313 142 300 154 292 171 292 187 292 204 296 221 308 233L563 492 304 771C292 783 288 800 288 817 288 833 296 850 308 863 321 871 338 875 354 875 371 875 388 867 400 854L696 533Z\"><\/path><\/svg>\t\t\t\t\t<\/div>\n\t\t\t\t\n\t\t\t\t\t\t\t\t\t<div class=\"swiper-pagination\"><\/div>\n\t\t\t\t\t\t\t\t\t<\/div>\n\t\t\t\t\t\t<\/div>\n\t\t\t\t<\/div>\n\t\t\t\t\t<\/div>\n\t\t\t\t<\/div>\n\t\t<div class=\"elementor-element elementor-element-46c9d45 e-flex e-con-boxed e-con e-parent\" data-id=\"46c9d45\" data-element_type=\"container\">\r\n\t\t\t\t\t<div class=\"e-con-inner\">\r\n\t\t\t\t<div class=\"elementor-element elementor-element-40fe15e elementor-widget elementor-widget-heading\" data-id=\"40fe15e\" data-element_type=\"widget\" data-widget_type=\"heading.default\">\n\t\t\t\t<div class=\"elementor-widget-container\">\n\t\t\t\t\t<h2 class=\"elementor-heading-title elementor-size-default\">Contactez-nous<\/h2>\t\t\t\t<\/div>\n\t\t\t\t<\/div>\n\t\t\t\t\t<\/div>\n\t\t\t\t<\/div>\n\t\t<div class=\"elementor-element elementor-element-1337ca3 e-flex e-con-boxed e-con e-parent\" data-id=\"1337ca3\" data-element_type=\"container\">\r\n\t\t\t\t\t<div class=\"e-con-inner\">\r\n\t\t<div class=\"elementor-element elementor-element-be8bd62 e-con-full e-flex e-con e-child\" data-id=\"be8bd62\" data-element_type=\"container\">\r\n\t\t\t\t<\/div>\n\t\t<div class=\"elementor-element elementor-element-2271ff1 e-con-full e-flex e-con e-child\" data-id=\"2271ff1\" data-element_type=\"container\">\r\n\t\t\t\t<div class=\"elementor-element elementor-element-404277e elementor-widget elementor-widget-wpforms\" data-id=\"404277e\" data-element_type=\"widget\" data-widget_type=\"wpforms.default\">\n\t\t\t\t<div class=\"elementor-widget-container\">\n\t\t\t\t\t<style id=\"wpforms-css-vars-elementor-widget-404277e\">\n\t\t\t\t.elementor-widget-wpforms.elementor-element-404277e {\n\t\t\t\t--wpforms-label-color: #A3A3A3D9;\n\t\t\t}\n\t\t\t<\/style><div class=\"wpforms-container wpforms-container-full wpforms-render-modern\" id=\"wpforms-740\"><form id=\"wpforms-form-740\" class=\"wpforms-validate wpforms-form wpforms-ajax-form\" data-formid=\"740\" method=\"post\" enctype=\"multipart\/form-data\" action=\"\/index.php\/wp-json\/wp\/v2\/pages\/548\" data-token=\"aff1848d672bd59178f7c0a333572b40\" data-token-time=\"1777031119\"><noscript class=\"wpforms-error-noscript\">Veuillez activer JavaScript dans votre navigateur pour remplir ce formulaire.<\/noscript><div id=\"wpforms-error-noscript\" style=\"display: none;\">Veuillez activer JavaScript dans votre navigateur pour remplir ce formulaire.<\/div><div class=\"wpforms-field-container\"><div id=\"wpforms-740-field_0-container\" class=\"wpforms-field wpforms-field-name\" data-field-id=\"0\"><fieldset><legend class=\"wpforms-field-label\">Pr\u00e9nom &amp; Nom <span class=\"wpforms-required-label\" aria-hidden=\"true\">*<\/span><\/legend><div class=\"wpforms-field-row wpforms-field-medium\"><div class=\"wpforms-field-row-block wpforms-first wpforms-one-half\"><input type=\"text\" id=\"wpforms-740-field_0\" class=\"wpforms-field-name-first wpforms-field-required\" name=\"wpforms[fields][0][first]\" aria-errormessage=\"wpforms-740-field_0-error\" required><label for=\"wpforms-740-field_0\" class=\"wpforms-field-sublabel after wpforms-sublabel-hide\">Pr\u00e9nom<\/label><\/div><div class=\"wpforms-field-row-block wpforms-one-half\"><input type=\"text\" id=\"wpforms-740-field_0-last\" class=\"wpforms-field-name-last wpforms-field-required\" name=\"wpforms[fields][0][last]\" aria-errormessage=\"wpforms-740-field_0-last-error\" required><label for=\"wpforms-740-field_0-last\" class=\"wpforms-field-sublabel after wpforms-sublabel-hide\">Nom<\/label><\/div><\/div><\/fieldset><\/div><div id=\"wpforms-740-field_1-container\" class=\"wpforms-field wpforms-field-email\" data-field-id=\"1\"><label class=\"wpforms-field-label\" for=\"wpforms-740-field_1\">Email <span class=\"wpforms-required-label\" aria-hidden=\"true\">*<\/span><\/label><input type=\"email\" id=\"wpforms-740-field_1\" class=\"wpforms-field-medium wpforms-field-required\" name=\"wpforms[fields][1]\" spellcheck=\"false\" aria-errormessage=\"wpforms-740-field_1-error\" required><\/div><div id=\"wpforms-740-field_2-container\" class=\"wpforms-field wpforms-field-textarea\" data-field-id=\"2\"><label class=\"wpforms-field-label\" for=\"wpforms-740-field_2\">Message<\/label><textarea id=\"wpforms-740-field_2\" class=\"wpforms-field-medium\" name=\"wpforms[fields][2]\" aria-errormessage=\"wpforms-740-field_2-error\" ><\/textarea><\/div><\/div><!-- .wpforms-field-container --><div class=\"wpforms-submit-container\" ><input type=\"hidden\" name=\"wpforms[id]\" value=\"740\"><input type=\"hidden\" name=\"page_title\" value=\"\"><input type=\"hidden\" name=\"page_url\" value=\"https:\/\/prosportevent.be\/index.php\/wp-json\/wp\/v2\/pages\/548\"><input type=\"hidden\" name=\"url_referer\" value=\"\"><button type=\"submit\" name=\"wpforms[submit]\" id=\"wpforms-submit-740\" class=\"wpforms-submit\" data-alt-text=\"Sending...\" data-submit-text=\"Envoyer\" aria-live=\"assertive\" value=\"wpforms-submit\">Envoyer<\/button><img decoding=\"async\" src=\"https:\/\/prosportevent.be\/wp-content\/plugins\/wpforms-lite\/assets\/images\/submit-spin.svg\" class=\"wpforms-submit-spinner\" style=\"display: none;\" width=\"26\" height=\"26\" alt=\"Chargement en cours\"><\/div><\/form><\/div>  <!-- .wpforms-container -->\t\t\t\t<\/div>\n\t\t\t\t<\/div>\n\t\t\t\t<\/div>\n\t\t<div class=\"elementor-element elementor-element-ccd652a e-con-full e-flex e-con e-child\" data-id=\"ccd652a\" data-element_type=\"container\">\r\n\t\t\t\t<\/div>\n\t\t\t\t\t<\/div>\n\t\t\t\t<\/div>\n\t\t\t\t<\/div>\n\t\t","protected":false},"excerpt":{"rendered":"<p>Devenir partenaire Une exp\u00e9rience unique au c\u0153ur du Stade Roi Baudouin Le partenariat Prosport c\u2019est la possibilit\u00e9 pour votre entreprise de renforcer vos relations avec vos meilleurs clients ou collaborateurs, d\u2019associer votre marque \u00e0 la promotion du sport et d\u2019accroitre votre visibilit\u00e9 au sein du monde sportif bruxellois. Les avantages du partenariat sont multiples : [&hellip;]<\/p>\n","protected":false},"author":1,"featured_media":0,"parent":0,"menu_order":0,"comment_status":"closed","ping_status":"closed","template":"","meta":{"_monsterinsights_skip_tracking":false,"_monsterinsights_sitenote_active":false,"_monsterinsights_sitenote_note":"","_monsterinsights_sitenote_category":0,"footnotes":""},"class_list":["post-548","page","type-page","status-publish","hentry"],"_links":{"self":[{"href":"https:\/\/prosportevent.be\/index.php\/wp-json\/wp\/v2\/pages\/548","targetHints":{"allow":["GET"]}}],"collection":[{"href":"https:\/\/prosportevent.be\/index.php\/wp-json\/wp\/v2\/pages"}],"about":[{"href":"https:\/\/prosportevent.be\/index.php\/wp-json\/wp\/v2\/types\/page"}],"author":[{"embeddable":true,"href":"https:\/\/prosportevent.be\/index.php\/wp-json\/wp\/v2\/users\/1"}],"replies":[{"embeddable":true,"href":"https:\/\/prosportevent.be\/index.php\/wp-json\/wp\/v2\/comments?post=548"}],"version-history":[{"count":88,"href":"https:\/\/prosportevent.be\/index.php\/wp-json\/wp\/v2\/pages\/548\/revisions"}],"predecessor-version":[{"id":1190,"href":"https:\/\/prosportevent.be\/index.php\/wp-json\/wp\/v2\/pages\/548\/revisions\/1190"}],"wp:attachment":[{"href":"https:\/\/prosportevent.be\/index.php\/wp-json\/wp\/v2\/media?parent=548"}],"curies":[{"name":"wp","href":"https:\/\/api.w.org\/{rel}","templated":true}]}}