{"id":603,"date":"2024-05-29T11:14:33","date_gmt":"2024-05-29T11:14:33","guid":{"rendered":"https:\/\/prosportevent.be\/?page_id=603"},"modified":"2025-07-09T07:54:07","modified_gmt":"2025-07-09T07:54:07","slug":"events","status":"publish","type":"page","link":"https:\/\/prosportevent.be\/index.php\/events\/","title":{"rendered":"Events"},"content":{"rendered":"\t\t<div data-elementor-type=\"wp-page\" data-elementor-id=\"603\" class=\"elementor elementor-603\">\n\t\t\t\t<div class=\"elementor-element elementor-element-5fc0696 e-flex e-con-boxed e-con e-parent\" data-id=\"5fc0696\" data-element_type=\"container\">\r\n\t\t\t\t\t<div class=\"e-con-inner\">\r\n\t\t\t\t<div class=\"elementor-element elementor-element-49040be elementor-widget elementor-widget-spacer\" data-id=\"49040be\" data-element_type=\"widget\" data-widget_type=\"spacer.default\">\n\t\t\t\t<div class=\"elementor-widget-container\">\n\t\t\t\t\t\t\t<div class=\"elementor-spacer\">\n\t\t\t<div class=\"elementor-spacer-inner\"><\/div>\n\t\t<\/div>\n\t\t\t\t\t\t<\/div>\n\t\t\t\t<\/div>\n\t\t\t\t\t<\/div>\n\t\t\t\t<\/div>\n\t\t<div class=\"elementor-element elementor-element-7794504 e-con-full e-flex e-con e-parent\" data-id=\"7794504\" data-element_type=\"container\">\r\n\t\t\t\t<div class=\"elementor-element elementor-element-7013899 elementor-widget elementor-widget-porto_ultimate_heading\" data-id=\"7013899\" data-element_type=\"widget\" data-widget_type=\"porto_ultimate_heading.default\">\n\t\t\t\t<div class=\"elementor-widget-container\">\n\t\t\t\t\t<div class=\"porto-u-heading  porto-u-55ca8359258f9a412be7e73af65d2aac\"><div class=\"porto-u-main-heading\"><h2   >Organiser votre \u00e9v\u00e9nement<\/h2><\/div><style>.porto-u-55ca8359258f9a412be7e73af65d2aac.porto-u-heading{text-align:center}<\/style><\/div>\t\t\t\t<\/div>\n\t\t\t\t<\/div>\n\t\t\t\t<\/div>\n\t\t<div class=\"elementor-element elementor-element-f3d7976 e-flex e-con-boxed e-con e-parent\" data-id=\"f3d7976\" data-element_type=\"container\">\r\n\t\t\t\t\t<div class=\"e-con-inner\">\r\n\t\t\t\t<div class=\"elementor-element elementor-element-eb53a6f elementor-widget elementor-widget-text-editor\" data-id=\"eb53a6f\" data-element_type=\"widget\" data-widget_type=\"text-editor.default\">\n\t\t\t\t<div class=\"elementor-widget-container\">\n\t\t\t\t\t\t\t\t\t<p><strong>NOS ESPACES <\/strong><\/p><p>Le <a href=\"http:\/\/staderoibaudouin.be\">Stade Roi Baudouin<\/a> ainsi que le centre sportif Nelson Mandela (\u00e0 Neder-Over-Heembeek) disposent de nombreux espaces de tailles, d\u2019\u00e9quipements et de configurations vari\u00e9s pour pouvoir accueillir des \u00e9v\u00e9nements priv\u00e9s.<\/p><p>Une r\u00e9union de travail ? Un workshop ? Un cocktail d\u00eenatoire ? Un teambuilding ? Une pr\u00e9sentation de produits ? Une conf\u00e9rence de presse ? Une journ\u00e9e du personnel ? \u2026 Tout est possible\u00a0! \u00a0<\/p><p>Consultez nos brochures pour d\u00e9couvrir les diff\u00e9rents espaces, leurs multiples possibilit\u00e9s ainsi que leurs tarifs, puis contactez-nous pour r\u00e9server l\u2019espace qui vous convient.<\/p>\t\t\t\t\t\t\t\t<\/div>\n\t\t\t\t<\/div>\n\t\t\t\t<div class=\"elementor-element elementor-element-f572c5e elementor-widget elementor-widget-porto_button\" data-id=\"f572c5e\" data-element_type=\"widget\" data-settings=\"{&quot;align&quot;:&quot;center&quot;}\" data-widget_type=\"porto_button.default\">\n\t\t\t\t<div class=\"elementor-widget-container\">\n\t\t\t\t\t<a aria-label=\"button\" class=\"btn btn-md btn-primary\" href=\"https:\/\/prosportevent.be\/wp-content\/uploads\/2025\/07\/Brochure-location-KBS_FR_V3.pdf\" target=\"_blank\"><span >Brochure Stade Roi Baudouin<\/span><\/a>\t\t\t\t<\/div>\n\t\t\t\t<\/div>\n\t\t\t\t<div class=\"elementor-element elementor-element-696cbe0 elementor-widget elementor-widget-porto_button\" data-id=\"696cbe0\" data-element_type=\"widget\" data-settings=\"{&quot;align&quot;:&quot;center&quot;}\" data-widget_type=\"porto_button.default\">\n\t\t\t\t<div class=\"elementor-widget-container\">\n\t\t\t\t\t<a aria-label=\"button\" class=\"btn btn-md btn-primary\" href=\"https:\/\/www.prosportevent.be\/360_KBS\/\" target=\"_blank\"><span >Visite virtuelle Stade Roi Baudouin<\/span><\/a>\t\t\t\t<\/div>\n\t\t\t\t<\/div>\n\t\t\t\t<div class=\"elementor-element elementor-element-71733da elementor-widget elementor-widget-porto_button\" data-id=\"71733da\" data-element_type=\"widget\" data-settings=\"{&quot;align&quot;:&quot;center&quot;}\" data-widget_type=\"porto_button.default\">\n\t\t\t\t<div class=\"elementor-widget-container\">\n\t\t\t\t\t<a aria-label=\"button\" class=\"btn btn-md btn-primary\" href=\"https:\/\/prosportevent.be\/wp-content\/uploads\/2024\/11\/Brochure-location-Nelson-Mandela.pdf\" target=\"_blank\"><span >Brochure Centre sportif Nelson Mandela<\/span><\/a>\t\t\t\t<\/div>\n\t\t\t\t<\/div>\n\t\t\t\t<div class=\"elementor-element elementor-element-96f5b5b elementor-widget elementor-widget-porto_button\" data-id=\"96f5b5b\" data-element_type=\"widget\" data-settings=\"{&quot;align&quot;:&quot;center&quot;}\" data-widget_type=\"porto_button.default\">\n\t\t\t\t<div class=\"elementor-widget-container\">\n\t\t\t\t\t<a aria-label=\"button\" class=\"btn btn-md btn-primary\" href=\"https:\/\/www.prosportevent.be\/360_NM\/\" target=\"_blank\"><span >Visite Virtuelle Centre sportif Nelson Mandela<\/span><\/a>\t\t\t\t<\/div>\n\t\t\t\t<\/div>\n\t\t\t\t\t<\/div>\n\t\t\t\t<\/div>\n\t\t<div class=\"elementor-element elementor-element-56dd96c e-flex e-con-boxed e-con e-parent\" data-id=\"56dd96c\" data-element_type=\"container\">\r\n\t\t\t\t\t<div class=\"e-con-inner\">\r\n\t\t\t\t<div class=\"elementor-element elementor-element-40fcd25 elementor-widget elementor-widget-menu-anchor\" data-id=\"40fcd25\" data-element_type=\"widget\" data-widget_type=\"menu-anchor.default\">\n\t\t\t\t<div class=\"elementor-widget-container\">\n\t\t\t\t\t\t\t<div class=\"elementor-menu-anchor\" id=\"tournages\"><\/div>\n\t\t\t\t\t\t<\/div>\n\t\t\t\t<\/div>\n\t\t\t\t\t<\/div>\n\t\t\t\t<\/div>\n\t\t<div class=\"elementor-element elementor-element-c073646 e-flex e-con-boxed e-con e-parent\" data-id=\"c073646\" data-element_type=\"container\">\r\n\t\t\t\t\t<div class=\"e-con-inner\">\r\n\t\t\t\t<div class=\"elementor-element elementor-element-f6e8cb6 elementor-widget elementor-widget-text-editor\" data-id=\"f6e8cb6\" data-element_type=\"widget\" data-widget_type=\"text-editor.default\">\n\t\t\t\t<div class=\"elementor-widget-container\">\n\t\t\t\t\t\t\t\t\t<p><strong>TOURNAGES <\/strong><\/p><p>Le <a href=\"http:\/\/staderoibaudouin.be\" target=\"_blank\" rel=\"noopener\">Stade Roi Baudouin<\/a> est r\u00e9guli\u00e8rement l\u2019objet de reportages photographiques ou cin\u00e9matographiques.<\/p><p>Ainsi, depuis son inauguration, il a \u00e9t\u00e9 le d\u00e9cor de nombreux reportages, sportifs ou autres, de prises de vue pour des projets scolaires ou universitaires ainsi que de photoshootings et tournages commerciaux.<\/p><p>Qu\u2019il s\u2019agisse de grands ou de petits projets, quasi tout est envisageable au Stade Roi Baudouin !<\/p>\t\t\t\t\t\t\t\t<\/div>\n\t\t\t\t<\/div>\n\t\t\t\t\t<\/div>\n\t\t\t\t<\/div>\n\t\t<div class=\"elementor-element elementor-element-8ed51c4 e-flex e-con-boxed e-con e-parent\" data-id=\"8ed51c4\" data-element_type=\"container\">\r\n\t\t\t\t\t<div class=\"e-con-inner\">\r\n\t\t<div class=\"elementor-element elementor-element-174221a e-con-full e-flex e-con e-child\" data-id=\"174221a\" data-element_type=\"container\">\r\n\t\t\t\t<\/div>\n\t\t<div class=\"elementor-element elementor-element-436dd3b e-con-full e-flex e-con e-child\" data-id=\"436dd3b\" data-element_type=\"container\">\r\n\t\t\t\t<div class=\"elementor-element elementor-element-877e53a elementor-widget elementor-widget-wpforms\" data-id=\"877e53a\" data-element_type=\"widget\" data-widget_type=\"wpforms.default\">\n\t\t\t\t<div class=\"elementor-widget-container\">\n\t\t\t\t\t<style id=\"wpforms-css-vars-elementor-widget-877e53a\">\n\t\t\t\t.elementor-widget-wpforms.elementor-element-877e53a {\n\t\t\t\t--wpforms-label-color: #A09F9FD9;\n\t\t\t}\n\t\t\t<\/style><div class=\"wpforms-container wpforms-container-full wpforms-render-modern\" id=\"wpforms-731\"><form id=\"wpforms-form-731\" class=\"wpforms-validate wpforms-form wpforms-ajax-form\" data-formid=\"731\" method=\"post\" enctype=\"multipart\/form-data\" action=\"\/index.php\/wp-json\/wp\/v2\/pages\/603\" data-token=\"36dc319abe5ce72b00acc84e6becdd07\" data-token-time=\"1777031171\"><noscript class=\"wpforms-error-noscript\">Veuillez activer JavaScript dans votre navigateur pour remplir ce formulaire.<\/noscript><div id=\"wpforms-error-noscript\" style=\"display: none;\">Veuillez activer JavaScript dans votre navigateur pour remplir ce formulaire.<\/div><div class=\"wpforms-field-container\"><div id=\"wpforms-731-field_0-container\" class=\"wpforms-field wpforms-field-name\" data-field-id=\"0\"><fieldset><legend class=\"wpforms-field-label\">Pr\u00e9nom &amp; Nom <span class=\"wpforms-required-label\" aria-hidden=\"true\">*<\/span><\/legend><div class=\"wpforms-field-row wpforms-field-medium\"><div class=\"wpforms-field-row-block wpforms-first wpforms-one-half\"><input type=\"text\" id=\"wpforms-731-field_0\" class=\"wpforms-field-name-first wpforms-field-required\" name=\"wpforms[fields][0][first]\" aria-errormessage=\"wpforms-731-field_0-error\" required><label for=\"wpforms-731-field_0\" class=\"wpforms-field-sublabel after wpforms-sublabel-hide\">Pr\u00e9nom<\/label><\/div><div class=\"wpforms-field-row-block wpforms-one-half\"><input type=\"text\" id=\"wpforms-731-field_0-last\" class=\"wpforms-field-name-last wpforms-field-required\" name=\"wpforms[fields][0][last]\" aria-errormessage=\"wpforms-731-field_0-last-error\" required><label for=\"wpforms-731-field_0-last\" class=\"wpforms-field-sublabel after wpforms-sublabel-hide\">Nom<\/label><\/div><\/div><\/fieldset><\/div><div id=\"wpforms-731-field_1-container\" class=\"wpforms-field wpforms-field-email\" data-field-id=\"1\"><label class=\"wpforms-field-label\" for=\"wpforms-731-field_1\">Email <span class=\"wpforms-required-label\" aria-hidden=\"true\">*<\/span><\/label><input type=\"email\" id=\"wpforms-731-field_1\" class=\"wpforms-field-medium wpforms-field-required\" name=\"wpforms[fields][1]\" spellcheck=\"false\" aria-errormessage=\"wpforms-731-field_1-error\" required><\/div><div id=\"wpforms-731-field_2-container\" class=\"wpforms-field wpforms-field-textarea\" data-field-id=\"2\"><label class=\"wpforms-field-label\" for=\"wpforms-731-field_2\">Message<\/label><textarea id=\"wpforms-731-field_2\" class=\"wpforms-field-medium\" name=\"wpforms[fields][2]\" aria-errormessage=\"wpforms-731-field_2-error\" ><\/textarea><\/div><\/div><!-- .wpforms-field-container --><div class=\"wpforms-submit-container\" ><input type=\"hidden\" name=\"wpforms[id]\" value=\"731\"><input type=\"hidden\" name=\"page_title\" value=\"\"><input type=\"hidden\" name=\"page_url\" value=\"https:\/\/prosportevent.be\/index.php\/wp-json\/wp\/v2\/pages\/603\"><input type=\"hidden\" name=\"url_referer\" value=\"\"><button type=\"submit\" name=\"wpforms[submit]\" id=\"wpforms-submit-731\" class=\"wpforms-submit\" data-alt-text=\"Sending...\" data-submit-text=\"Envoyer\" aria-live=\"assertive\" value=\"wpforms-submit\">Envoyer<\/button><img decoding=\"async\" src=\"https:\/\/prosportevent.be\/wp-content\/plugins\/wpforms-lite\/assets\/images\/submit-spin.svg\" class=\"wpforms-submit-spinner\" style=\"display: none;\" width=\"26\" height=\"26\" alt=\"Chargement en cours\"><\/div><\/form><\/div>  <!-- .wpforms-container -->\t\t\t\t<\/div>\n\t\t\t\t<\/div>\n\t\t\t\t<\/div>\n\t\t<div class=\"elementor-element elementor-element-e126096 e-con-full e-flex e-con e-child\" data-id=\"e126096\" data-element_type=\"container\">\r\n\t\t\t\t<\/div>\n\t\t\t\t\t<\/div>\n\t\t\t\t<\/div>\n\t\t\t\t<\/div>\n\t\t","protected":false},"excerpt":{"rendered":"<p>Organiser votre \u00e9v\u00e9nement NOS ESPACES Le Stade Roi Baudouin ainsi que le centre sportif Nelson Mandela (\u00e0 Neder-Over-Heembeek) disposent de nombreux espaces de tailles, d\u2019\u00e9quipements et de configurations vari\u00e9s pour pouvoir accueillir des \u00e9v\u00e9nements priv\u00e9s. Une r\u00e9union de travail ? Un workshop ? Un cocktail d\u00eenatoire ? Un teambuilding ? Une pr\u00e9sentation de produits ? [&hellip;]<\/p>\n","protected":false},"author":1,"featured_media":0,"parent":0,"menu_order":0,"comment_status":"closed","ping_status":"closed","template":"","meta":{"_monsterinsights_skip_tracking":false,"_monsterinsights_sitenote_active":false,"_monsterinsights_sitenote_note":"","_monsterinsights_sitenote_category":0,"footnotes":""},"class_list":["post-603","page","type-page","status-publish","hentry"],"_links":{"self":[{"href":"https:\/\/prosportevent.be\/index.php\/wp-json\/wp\/v2\/pages\/603","targetHints":{"allow":["GET"]}}],"collection":[{"href":"https:\/\/prosportevent.be\/index.php\/wp-json\/wp\/v2\/pages"}],"about":[{"href":"https:\/\/prosportevent.be\/index.php\/wp-json\/wp\/v2\/types\/page"}],"author":[{"embeddable":true,"href":"https:\/\/prosportevent.be\/index.php\/wp-json\/wp\/v2\/users\/1"}],"replies":[{"embeddable":true,"href":"https:\/\/prosportevent.be\/index.php\/wp-json\/wp\/v2\/comments?post=603"}],"version-history":[{"count":52,"href":"https:\/\/prosportevent.be\/index.php\/wp-json\/wp\/v2\/pages\/603\/revisions"}],"predecessor-version":[{"id":1264,"href":"https:\/\/prosportevent.be\/index.php\/wp-json\/wp\/v2\/pages\/603\/revisions\/1264"}],"wp:attachment":[{"href":"https:\/\/prosportevent.be\/index.php\/wp-json\/wp\/v2\/media?parent=603"}],"curies":[{"name":"wp","href":"https:\/\/api.w.org\/{rel}","templated":true}]}}