{"id":771,"date":"2024-05-21T14:10:37","date_gmt":"2024-05-21T14:10:37","guid":{"rendered":"https:\/\/prosportevent.be\/index.php\/subvention\/"},"modified":"2024-06-06T11:56:14","modified_gmt":"2024-06-06T11:56:14","slug":"subvention","status":"publish","type":"page","link":"https:\/\/prosportevent.be\/index.php\/subvention\/?lang=nl","title":{"rendered":"Subvention"},"content":{"rendered":"\t\t<div data-elementor-type=\"wp-page\" data-elementor-id=\"771\" class=\"elementor elementor-771\">\n\t\t\t\t<div class=\"elementor-element elementor-element-5fc0696 e-flex e-con-boxed e-con e-parent\" data-id=\"5fc0696\" data-element_type=\"container\">\r\n\t\t\t\t\t<div class=\"e-con-inner\">\r\n\t\t\t\t<div class=\"elementor-element elementor-element-49040be elementor-widget elementor-widget-spacer\" data-id=\"49040be\" data-element_type=\"widget\" data-widget_type=\"spacer.default\">\n\t\t\t\t<div class=\"elementor-widget-container\">\n\t\t\t\t\t\t\t<div class=\"elementor-spacer\">\n\t\t\t<div class=\"elementor-spacer-inner\"><\/div>\n\t\t<\/div>\n\t\t\t\t\t\t<\/div>\n\t\t\t\t<\/div>\n\t\t\t\t\t<\/div>\n\t\t\t\t<\/div>\n\t\t<div class=\"elementor-element elementor-element-7794504 e-con-full e-flex e-con e-parent\" data-id=\"7794504\" data-element_type=\"container\">\r\n\t\t\t\t<div class=\"elementor-element elementor-element-7013899 elementor-widget elementor-widget-porto_ultimate_heading\" data-id=\"7013899\" data-element_type=\"widget\" data-widget_type=\"porto_ultimate_heading.default\">\n\t\t\t\t<div class=\"elementor-widget-container\">\n\t\t\t\t\t<div class=\"porto-u-heading  porto-u-55ca8359258f9a412be7e73af65d2aac\"><div class=\"porto-u-main-heading\"><h2   >UW CLUB SUBSIDI\u00cbREN<\/h2><\/div><style>.porto-u-55ca8359258f9a412be7e73af65d2aac.porto-u-heading{text-align:center}<\/style><\/div>\t\t\t\t<\/div>\n\t\t\t\t<\/div>\n\t\t\t\t<\/div>\n\t\t<div class=\"elementor-element elementor-element-f3d7976 e-flex e-con-boxed e-con e-parent\" data-id=\"f3d7976\" data-element_type=\"container\">\r\n\t\t\t\t\t<div class=\"e-con-inner\">\r\n\t\t\t\t<div class=\"elementor-element elementor-element-4b0b384 elementor-widget elementor-widget-text-editor\" data-id=\"4b0b384\" data-element_type=\"widget\" data-widget_type=\"text-editor.default\">\n\t\t\t\t<div class=\"elementor-widget-container\">\n\t\t\t\t\t\t\t\t\t<p>Draagt uw club de waarden van sportdiversiteit, ondersteuning van jong talent, sport voor iedereen (jongeren, ouderen, genderdiversiteit, culturele diversiteit, personen met een handicap, enz.) hoog in het vaandel?<\/p><p>Vinden uw sportactiviteiten plaats op het grondgebied van de Stad Brussel (postcodes 1000, 1020, 1120 en 1130)?<\/p><p>Vzw Prosport kan u helpen door financi\u00eble en\/of logistieke steun te verlenen voor een sportproject dat aan deze diversiteitsdoelstellingen voldoet.<\/p>\t\t\t\t\t\t\t\t<\/div>\n\t\t\t\t<\/div>\n\t\t\t\t\t<\/div>\n\t\t\t\t<\/div>\n\t\t<div class=\"elementor-element elementor-element-b725f6c e-flex e-con-boxed e-con e-parent\" data-id=\"b725f6c\" data-element_type=\"container\">\r\n\t\t\t\t\t<div class=\"e-con-inner\">\r\n\t\t\t\t<div class=\"elementor-element elementor-element-871d8f5 elementor-widget elementor-widget-toggle\" data-id=\"871d8f5\" data-element_type=\"widget\" data-widget_type=\"toggle.default\">\n\t\t\t\t<div class=\"elementor-widget-container\">\n\t\t\t\t\t\t\t<div class=\"elementor-toggle\">\n\t\t\t\t\t\t\t<div class=\"elementor-toggle-item\">\n\t\t\t\t\t<div id=\"elementor-tab-title-1411\" class=\"elementor-tab-title\" data-tab=\"1\" role=\"button\" aria-controls=\"elementor-tab-content-1411\" aria-expanded=\"false\">\n\t\t\t\t\t\t\t\t\t\t\t\t<span class=\"elementor-toggle-icon elementor-toggle-icon-left\" aria-hidden=\"true\">\n\t\t\t\t\t\t\t\t\t\t\t\t\t\t\t<span class=\"elementor-toggle-icon-closed\"><svg class=\"e-font-icon-svg e-fas-caret-right\" viewBox=\"0 0 192 512\" xmlns=\"http:\/\/www.w3.org\/2000\/svg\"><path d=\"M0 384.662V127.338c0-17.818 21.543-26.741 34.142-14.142l128.662 128.662c7.81 7.81 7.81 20.474 0 28.284L34.142 398.804C21.543 411.404 0 402.48 0 384.662z\"><\/path><\/svg><\/span>\n\t\t\t\t\t\t\t\t<span class=\"elementor-toggle-icon-opened\"><svg class=\"elementor-toggle-icon-opened e-font-icon-svg e-fas-caret-up\" viewBox=\"0 0 320 512\" xmlns=\"http:\/\/www.w3.org\/2000\/svg\"><path d=\"M288.662 352H31.338c-17.818 0-26.741-21.543-14.142-34.142l128.662-128.662c7.81-7.81 20.474-7.81 28.284 0l128.662 128.662c12.6 12.599 3.676 34.142-14.142 34.142z\"><\/path><\/svg><\/span>\n\t\t\t\t\t\t\t\t\t\t\t\t\t<\/span>\n\t\t\t\t\t\t\t\t\t\t\t\t<a class=\"elementor-toggle-title\" tabindex=\"0\">Voor wie?<\/a>\n\t\t\t\t\t<\/div>\n\n\t\t\t\t\t<div id=\"elementor-tab-content-1411\" class=\"elementor-tab-content elementor-clearfix\" data-tab=\"1\" role=\"region\" aria-labelledby=\"elementor-tab-title-1411\"><p>Voor subsidies en\/of logistieke steun komen in aanmerking:<strong>\u00a0<\/strong><\/p><ul><li>Verenigingen of clubs die de toegang tot sport voor iedereen bevorderen en aanmoedigen.<\/li><li>Clubs die \u00e9\u00e9n of meer &#8220;beloften&#8221; hebben die als zodanig door de eigen nationale federatie (of lingu\u00efstische vleugel) worden vermeld.<\/li><li>De aanvragers moeten rechtspersonen zijn (met uitzondering van handelsvennootschappen), zonder winstoogmerk en die hun hoofdactiviteiten of maatschappelijke zetel op het grondgebied van de stad Brussel hebben. Bij wijze van uitzondering kan de Raad van Bestuur aanvragen aanvaarden van natuurlijke personen wier woonplaats of hoofdvestiging zich eveneens op het grondgebied van de stad Brussel bevindt.<\/li><\/ul><p>Subsidies en\/of logistieke steun worden toegekend voor:<\/p><ul><li>Een uitzonderlijk sportevenement dat bijdraagt tot de verspreiding van het imago en het sportieve karakter van de Stad Brussel.<\/li><li>De aankoop van sportuitrusting, niet-verbruikbare medische apparatuur of sportuitrusting bestemd voor de uitvoering of de medische controle van de activiteiten van de club die de aanvraag indient.<\/li><li>Permanente vorming van kaderleden, trainers en sportmonitoren in Brussel.<\/li><li>Hulp of bijstand bij de opleiding in het gebruik van medische apparatuur.<\/li><\/ul><\/div>\n\t\t\t\t<\/div>\n\t\t\t\t\t\t\t<div class=\"elementor-toggle-item\">\n\t\t\t\t\t<div id=\"elementor-tab-title-1412\" class=\"elementor-tab-title\" data-tab=\"2\" role=\"button\" aria-controls=\"elementor-tab-content-1412\" aria-expanded=\"false\">\n\t\t\t\t\t\t\t\t\t\t\t\t<span class=\"elementor-toggle-icon elementor-toggle-icon-left\" aria-hidden=\"true\">\n\t\t\t\t\t\t\t\t\t\t\t\t\t\t\t<span class=\"elementor-toggle-icon-closed\"><svg class=\"e-font-icon-svg e-fas-caret-right\" viewBox=\"0 0 192 512\" xmlns=\"http:\/\/www.w3.org\/2000\/svg\"><path d=\"M0 384.662V127.338c0-17.818 21.543-26.741 34.142-14.142l128.662 128.662c7.81 7.81 7.81 20.474 0 28.284L34.142 398.804C21.543 411.404 0 402.48 0 384.662z\"><\/path><\/svg><\/span>\n\t\t\t\t\t\t\t\t<span class=\"elementor-toggle-icon-opened\"><svg class=\"elementor-toggle-icon-opened e-font-icon-svg e-fas-caret-up\" viewBox=\"0 0 320 512\" xmlns=\"http:\/\/www.w3.org\/2000\/svg\"><path d=\"M288.662 352H31.338c-17.818 0-26.741-21.543-14.142-34.142l128.662-128.662c7.81-7.81 20.474-7.81 28.284 0l128.662 128.662c12.6 12.599 3.676 34.142-14.142 34.142z\"><\/path><\/svg><\/span>\n\t\t\t\t\t\t\t\t\t\t\t\t\t<\/span>\n\t\t\t\t\t\t\t\t\t\t\t\t<a class=\"elementor-toggle-title\" tabindex=\"0\">Hoe?<\/a>\n\t\t\t\t\t<\/div>\n\n\t\t\t\t\t<div id=\"elementor-tab-content-1412\" class=\"elementor-tab-content elementor-clearfix\" data-tab=\"2\" role=\"region\" aria-labelledby=\"elementor-tab-title-1412\"><p>Het dossier moet bestaan uit:<\/p><ul><li>Een brief ondertekend door een bevoegde persoon die uit naam van de betrokken club of vereniging een verbintenis kan aangaan (Voorzitter of Secretaris).<\/li><li>De volledig ingevulde administratieve fiche<\/li><li>Een ledenlijst van de club of vereniging<\/li><li>De lijst van trainers, sportmonitoren en onderwijzend personeel<\/li><li>De lijst van medisch personeel dat toezicht houdt op de activiteiten van de club of vereniging<\/li><li>Een gedetailleerde presentatie van de te subsidi\u00ebren activiteit<\/li><li>De begin- en einddatum van de te subsidi\u00ebren activiteit indien het een evenement betreft<\/li><li>Het budget voor het evenement en het gewenste bedrag van de subsidi\u00ebring<\/li><li>Het bedrag van de door de Sportdienst van de Stad Brussel aangevraagde en\/of toegekende subsidies<\/li><li>De bedragen van de aangevraagde en\/of door andere overheidsinstanties verleende subsidies<\/li><li>Als het gaat om beloften, voeg dan een CV, de vooruitzichten en een certificaat van de federatie, of een ander document waaruit blijkt dat het om een &#8220;belofte&#8221; gaat, bij<\/li><li>Een kopie van de statuten van de vereniging<\/li><\/ul><p><a href=\"https:\/\/prosportevent.be\/wp-content\/uploads\/2024\/06\/Prosport_Criteres-Subventions.pdf\" target=\"_blank\" rel=\"noopener\">Formulier<\/a><\/p><p>Alle ingediende aanvragen zullen worden onderzocht tijdens een vergadering van de Raad van Bestuur van de vzw Prosport Brussel.<\/p><\/div>\n\t\t\t\t<\/div>\n\t\t\t\t\t\t\t\t<\/div>\n\t\t\t\t\t\t<\/div>\n\t\t\t\t<\/div>\n\t\t\t\t\t<\/div>\n\t\t\t\t<\/div>\n\t\t<div class=\"elementor-element elementor-element-9f74226 e-flex e-con-boxed e-con e-parent\" data-id=\"9f74226\" data-element_type=\"container\">\r\n\t\t\t\t\t<div class=\"e-con-inner\">\r\n\t\t<div class=\"elementor-element elementor-element-e9252f3 e-con-full e-flex e-con e-child\" data-id=\"e9252f3\" data-element_type=\"container\">\r\n\t\t\t\t<\/div>\n\t\t<div class=\"elementor-element elementor-element-2b1680b e-con-full e-flex e-con e-child\" data-id=\"2b1680b\" data-element_type=\"container\">\r\n\t\t\t\t<div class=\"elementor-element elementor-element-5a64d47 elementor-widget elementor-widget-wpforms\" data-id=\"5a64d47\" data-element_type=\"widget\" data-widget_type=\"wpforms.default\">\n\t\t\t\t<div class=\"elementor-widget-container\">\n\t\t\t\t\t<style id=\"wpforms-css-vars-elementor-widget-5a64d47\">\n\t\t\t\t.elementor-widget-wpforms.elementor-element-5a64d47 {\n\t\t\t\t--wpforms-label-color: #A7A7A7D9;\n\t\t\t}\n\t\t\t<\/style><div class=\"wpforms-container wpforms-container-full wpforms-render-modern\" id=\"wpforms-561\"><form id=\"wpforms-form-561\" class=\"wpforms-validate wpforms-form wpforms-ajax-form\" data-formid=\"561\" method=\"post\" enctype=\"multipart\/form-data\" action=\"\/index.php\/wp-json\/wp\/v2\/pages\/771\" data-token=\"42e97e43130180f290170f2821f9d406\" data-token-time=\"1776303945\"><noscript class=\"wpforms-error-noscript\">Veuillez activer JavaScript dans votre navigateur pour remplir ce formulaire.<\/noscript><div id=\"wpforms-error-noscript\" style=\"display: none;\">Veuillez activer JavaScript dans votre navigateur pour remplir ce formulaire.<\/div><div class=\"wpforms-field-container\"><div id=\"wpforms-561-field_0-container\" class=\"wpforms-field wpforms-field-name\" data-field-id=\"0\"><fieldset><legend class=\"wpforms-field-label\">Naam &amp; Voornaam <span class=\"wpforms-required-label\" aria-hidden=\"true\">*<\/span><\/legend><div class=\"wpforms-field-row wpforms-field-medium\"><div class=\"wpforms-field-row-block wpforms-first wpforms-one-half\"><input type=\"text\" id=\"wpforms-561-field_0\" class=\"wpforms-field-name-first wpforms-field-required\" name=\"wpforms[fields][0][first]\" aria-errormessage=\"wpforms-561-field_0-error\" required><label for=\"wpforms-561-field_0\" class=\"wpforms-field-sublabel after wpforms-sublabel-hide\">Pr\u00e9nom<\/label><\/div><div class=\"wpforms-field-row-block wpforms-one-half\"><input type=\"text\" id=\"wpforms-561-field_0-last\" class=\"wpforms-field-name-last wpforms-field-required\" name=\"wpforms[fields][0][last]\" aria-errormessage=\"wpforms-561-field_0-last-error\" required><label for=\"wpforms-561-field_0-last\" class=\"wpforms-field-sublabel after wpforms-sublabel-hide\">Nom<\/label><\/div><\/div><\/fieldset><\/div><div id=\"wpforms-561-field_1-container\" class=\"wpforms-field wpforms-field-email\" data-field-id=\"1\"><label class=\"wpforms-field-label\" for=\"wpforms-561-field_1\">Email <span class=\"wpforms-required-label\" aria-hidden=\"true\">*<\/span><\/label><input type=\"email\" id=\"wpforms-561-field_1\" class=\"wpforms-field-medium wpforms-field-required\" name=\"wpforms[fields][1]\" spellcheck=\"false\" aria-errormessage=\"wpforms-561-field_1-error\" required><\/div><div id=\"wpforms-561-field_2-container\" class=\"wpforms-field wpforms-field-textarea\" data-field-id=\"2\"><label class=\"wpforms-field-label\" for=\"wpforms-561-field_2\">Bericht<\/label><textarea id=\"wpforms-561-field_2\" class=\"wpforms-field-medium\" name=\"wpforms[fields][2]\" aria-errormessage=\"wpforms-561-field_2-error\" ><\/textarea><\/div><\/div><!-- .wpforms-field-container --><div class=\"wpforms-submit-container\" ><input type=\"hidden\" name=\"wpforms[id]\" value=\"561\"><input type=\"hidden\" name=\"page_title\" value=\"\"><input type=\"hidden\" name=\"page_url\" value=\"https:\/\/prosportevent.be\/index.php\/wp-json\/wp\/v2\/pages\/771\"><input type=\"hidden\" name=\"url_referer\" value=\"\"><button type=\"submit\" name=\"wpforms[submit]\" id=\"wpforms-submit-561\" class=\"wpforms-submit\" data-alt-text=\"Sending...\" data-submit-text=\"Verzenden\" aria-live=\"assertive\" value=\"wpforms-submit\">Verzenden<\/button><img decoding=\"async\" src=\"https:\/\/prosportevent.be\/wp-content\/plugins\/wpforms-lite\/assets\/images\/submit-spin.svg\" class=\"wpforms-submit-spinner\" style=\"display: none;\" width=\"26\" height=\"26\" alt=\"Chargement en cours\"><\/div><\/form><\/div>  <!-- .wpforms-container -->\t\t\t\t<\/div>\n\t\t\t\t<\/div>\n\t\t\t\t<\/div>\n\t\t<div class=\"elementor-element elementor-element-1fcb9db e-con-full e-flex e-con e-child\" data-id=\"1fcb9db\" data-element_type=\"container\">\r\n\t\t\t\t<\/div>\n\t\t\t\t\t<\/div>\n\t\t\t\t<\/div>\n\t\t\t\t<\/div>\n\t\t","protected":false},"excerpt":{"rendered":"<p>UW CLUB SUBSIDI\u00cbREN Draagt uw club de waarden van sportdiversiteit, ondersteuning van jong talent, sport voor iedereen (jongeren, ouderen, genderdiversiteit, culturele diversiteit, personen met een handicap, enz.) hoog in het vaandel? Vinden uw sportactiviteiten plaats op het grondgebied van de Stad Brussel (postcodes 1000, 1020, 1120 en 1130)? Vzw Prosport kan u helpen door financi\u00eble [&hellip;]<\/p>\n","protected":false},"author":1,"featured_media":0,"parent":0,"menu_order":0,"comment_status":"closed","ping_status":"closed","template":"","meta":{"_monsterinsights_skip_tracking":false,"_monsterinsights_sitenote_active":false,"_monsterinsights_sitenote_note":"","_monsterinsights_sitenote_category":0,"footnotes":""},"class_list":["post-771","page","type-page","status-publish","hentry"],"_links":{"self":[{"href":"https:\/\/prosportevent.be\/index.php\/wp-json\/wp\/v2\/pages\/771","targetHints":{"allow":["GET"]}}],"collection":[{"href":"https:\/\/prosportevent.be\/index.php\/wp-json\/wp\/v2\/pages"}],"about":[{"href":"https:\/\/prosportevent.be\/index.php\/wp-json\/wp\/v2\/types\/page"}],"author":[{"embeddable":true,"href":"https:\/\/prosportevent.be\/index.php\/wp-json\/wp\/v2\/users\/1"}],"replies":[{"embeddable":true,"href":"https:\/\/prosportevent.be\/index.php\/wp-json\/wp\/v2\/comments?post=771"}],"version-history":[{"count":15,"href":"https:\/\/prosportevent.be\/index.php\/wp-json\/wp\/v2\/pages\/771\/revisions"}],"predecessor-version":[{"id":1001,"href":"https:\/\/prosportevent.be\/index.php\/wp-json\/wp\/v2\/pages\/771\/revisions\/1001"}],"wp:attachment":[{"href":"https:\/\/prosportevent.be\/index.php\/wp-json\/wp\/v2\/media?parent=771"}],"curies":[{"name":"wp","href":"https:\/\/api.w.org\/{rel}","templated":true}]}}